{"id":27,"date":"2026-01-11T11:36:42","date_gmt":"2026-01-11T11:36:42","guid":{"rendered":"https:\/\/www.agrihaus.ee\/?page_id=27"},"modified":"2026-01-11T15:42:43","modified_gmt":"2026-01-11T15:42:43","slug":"meist","status":"publish","type":"page","link":"https:\/\/www.agrihaus.ee\/en\/meist\/","title":{"rendered":"About us"},"content":{"rendered":"<section class=\"bde-section-27-101 bde-section\">\n  \n  \n\t\n\n\n\n<div class=\"section-container\"><div class=\"bde-div-27-102 bde-div\">\n  \n  \n\t\n\n\n\n<a class=\"bde-container-link-27-103 bde-container-link breakdance-link\" href=\"#\" target=\"_self\">\n  \n  \n\t\n\n\n\n<h1 class=\"bde-heading-27-105 bde-heading\">\nAbout us\n<\/h1>\n\n<\/a>\n<\/div><div class=\"bde-columns-27-108 bde-columns\"><div class=\"bde-column-27-109 bde-column\">\n  \n  \n\t\n\n\n\n<img decoding=\"async\" class=\"bde-image2-27-107 bde-image2\" src=\"https:\/\/www.agrihaus.ee\/wp-content\/uploads\/2026\/01\/wallpaperflare.com_wallpaper.jpg\" loading=\"lazy\" srcset=\"https:\/\/www.agrihaus.ee\/wp-content\/uploads\/2026\/01\/wallpaperflare.com_wallpaper.jpg 1920w, https:\/\/www.agrihaus.ee\/wp-content\/uploads\/2026\/01\/wallpaperflare.com_wallpaper-300x169.jpg 300w, https:\/\/www.agrihaus.ee\/wp-content\/uploads\/2026\/01\/wallpaperflare.com_wallpaper-1024x578.jpg 1024w, https:\/\/www.agrihaus.ee\/wp-content\/uploads\/2026\/01\/wallpaperflare.com_wallpaper-768x434.jpg 768w, https:\/\/www.agrihaus.ee\/wp-content\/uploads\/2026\/01\/wallpaperflare.com_wallpaper-1536x867.jpg 1536w\" sizes=\"(max-width: 1920px) 100vw, 1920px\">\n<\/div><div class=\"bde-column-27-110 bde-column\">\n  \n  \n\t\n\n\n\n<div class=\"bde-text-27-106 bde-text\">\n\"We are a partner with manufacturing experience for plant growers. We deal in the purchase and sale of agricultural products, including organic produce, sell hay seeds and grain seeds, provide liming services, and offer practical advice on solutions for working in the field.\n<\/div>\n<\/div><\/div><\/div>\n<\/section>","protected":false},"excerpt":{"rendered":"<p>Meist Oleme tootja kogemusega partner taimekasvatajale. Tegeleme p\u00f5llumajandussaaduste ostu ja m\u00fc\u00fcgiga, sh maheviljaga, m\u00fc\u00fcme heinaseemneid ja viljaseemneid, pakume lupjamisteenust ning anname praktilist n\u00f5u p\u00f5llul t\u00f6\u00f6tavate lahenduste osas.<\/p>","protected":false},"author":1,"featured_media":0,"parent":0,"menu_order":0,"comment_status":"closed","ping_status":"closed","template":"","meta":{"_breakdance_hide_in_design_set":false,"_breakdance_tags":"","footnotes":""},"class_list":["post-27","page","type-page","status-publish","hentry"],"_links":{"self":[{"href":"https:\/\/www.agrihaus.ee\/en\/wp-json\/wp\/v2\/pages\/27","targetHints":{"allow":["GET"]}}],"collection":[{"href":"https:\/\/www.agrihaus.ee\/en\/wp-json\/wp\/v2\/pages"}],"about":[{"href":"https:\/\/www.agrihaus.ee\/en\/wp-json\/wp\/v2\/types\/page"}],"author":[{"embeddable":true,"href":"https:\/\/www.agrihaus.ee\/en\/wp-json\/wp\/v2\/users\/1"}],"replies":[{"embeddable":true,"href":"https:\/\/www.agrihaus.ee\/en\/wp-json\/wp\/v2\/comments?post=27"}],"version-history":[{"count":5,"href":"https:\/\/www.agrihaus.ee\/en\/wp-json\/wp\/v2\/pages\/27\/revisions"}],"predecessor-version":[{"id":180,"href":"https:\/\/www.agrihaus.ee\/en\/wp-json\/wp\/v2\/pages\/27\/revisions\/180"}],"wp:attachment":[{"href":"https:\/\/www.agrihaus.ee\/en\/wp-json\/wp\/v2\/media?parent=27"}],"curies":[{"name":"wp","href":"https:\/\/api.w.org\/{rel}","templated":true}]}}