{"id":29,"date":"2026-01-11T11:36:48","date_gmt":"2026-01-11T11:36:48","guid":{"rendered":"https:\/\/www.agrihaus.ee\/?page_id=29"},"modified":"2026-01-26T21:06:34","modified_gmt":"2026-01-26T21:06:34","slug":"inimesed","status":"publish","type":"page","link":"https:\/\/www.agrihaus.ee\/en\/inimesed\/","title":{"rendered":"People"},"content":{"rendered":"<section class=\"bde-section-29-101 bde-section\">\n  \n  \n\t\n\n\n\n<div class=\"section-container\"><div class=\"bde-div-29-102 bde-div\">\n  \n  \n\t\n\n\n\n<h1 class=\"bde-heading-29-103 bde-heading\">\nPeople\n<\/h1>\n<\/div><div class=\"bde-columns-29-104 bde-columns\"><div class=\"bde-column-29-105 bde-column\">\n  \n  \n\t\n\n\n\n<img decoding=\"async\" class=\"bde-image2-29-106 bde-image2\" src=\"https:\/\/www.agrihaus.ee\/wp-content\/uploads\/2026\/01\/Argo.jpg\" loading=\"lazy\" srcset=\"https:\/\/www.agrihaus.ee\/wp-content\/uploads\/2026\/01\/Argo.jpg 750w, https:\/\/www.agrihaus.ee\/wp-content\/uploads\/2026\/01\/Argo-220x300.jpg 220w\" sizes=\"(max-width: 750px) 100vw, 750px\"><h2 class=\"bde-heading-29-107 bde-heading\">\nArgo Kukk\n<\/h2><div class=\"bde-text-29-108 bde-text\">\nPurchasing and Sales Manager\n<\/div><a class=\"bde-text-link-29-117 bde-text-link breakdance-link\" href=\"mailto:argo@agrihaus.ee\" target=\"_self\" data-type=\"url\">\n  argo@agrihaus.ee\n\n<\/a><a class=\"bde-text-link-29-118 bde-text-link breakdance-link\" href=\"tel:+37251949736\" target=\"_self\" data-type=\"url\">\n  +372 5194 9736\n\n<\/a>\n<\/div><div class=\"bde-column-29-119 bde-column\">\n  \n  \n\t\n\n\n\n<img decoding=\"async\" class=\"bde-image2-29-120 bde-image2\" src=\"https:\/\/www.agrihaus.ee\/wp-content\/uploads\/2026\/01\/Risto.jpg\" loading=\"lazy\" srcset=\"https:\/\/www.agrihaus.ee\/wp-content\/uploads\/2026\/01\/Risto.jpg 851w, https:\/\/www.agrihaus.ee\/wp-content\/uploads\/2026\/01\/Risto-249x300.jpg 249w, https:\/\/www.agrihaus.ee\/wp-content\/uploads\/2026\/01\/Risto-768x924.jpg 768w\" sizes=\"(max-width: 851px) 100vw, 851px\"><h2 class=\"bde-heading-29-121 bde-heading\">\nRisto Kukk\n<\/h2><div class=\"bde-text-29-122 bde-text\">\nBoard Member\n<\/div><a class=\"bde-text-link-29-123 bde-text-link breakdance-link\" href=\"mailto:risto@agrihaus.ee\" target=\"_self\" data-type=\"url\">\n  risto@agrihaus.ee\n\n<\/a><a class=\"bde-text-link-29-124 bde-text-link breakdance-link\" href=\"tel:+37253015104\" target=\"_self\" data-type=\"url\">\n  +372 5301 5104\n\n<\/a>\n<\/div><div class=\"bde-column-29-125 bde-column\">\n  \n  \n\t\n\n\n\n<img decoding=\"async\" class=\"bde-image2-29-126 bde-image2\" src=\"https:\/\/www.agrihaus.ee\/wp-content\/uploads\/2026\/01\/Gerli-Pooga.jpg\" loading=\"lazy\" srcset=\"https:\/\/www.agrihaus.ee\/wp-content\/uploads\/2026\/01\/Gerli-Pooga.jpg 794w, https:\/\/www.agrihaus.ee\/wp-content\/uploads\/2026\/01\/Gerli-Pooga-300x288.jpg 300w, https:\/\/www.agrihaus.ee\/wp-content\/uploads\/2026\/01\/Gerli-Pooga-768x736.jpg 768w\" sizes=\"(max-width: 794px) 100vw, 794px\"><h2 class=\"bde-heading-29-127 bde-heading\">\nGerli Pooga\n<\/h2><div class=\"bde-text-29-128 bde-text\">\nAccountant\n<\/div><a class=\"bde-text-link-29-129 bde-text-link breakdance-link\" href=\"Mailto:gerli@agrihaus.ee\" target=\"_self\" data-type=\"url\">\n  gerli@agrihaus.ee\n\n<\/a>\n<\/div><\/div><div class=\"bde-columns-29-132 bde-columns\"><div class=\"bde-column-29-133 bde-column\">\n  \n  \n\t\n\n\n\n<h2 class=\"bde-heading-29-135 bde-heading\">\nContact us\n<\/h2><a class=\"bde-text-link-29-136 bde-text-link breakdance-link\" href=\"tel:+37253015104\" target=\"_self\" data-type=\"url\">\n  +372 5301 5104\n\n<\/a><a class=\"bde-text-link-29-137 bde-text-link breakdance-link\" href=\"mailto:info@agrihaus.ee\" target=\"_self\" data-type=\"url\">\n  info@agrihaus.ee\n\n<\/a><a class=\"bde-text-link-29-138 bde-text-link breakdance-link\" href=\"#\" target=\"_self\">\n  Tartu maakond, Tartu linn, Vorbuse k\u00fcla, Tiigi ring 5, 61412\n\n<\/a><div class=\"bde-google-map-29-139 bde-google-map\">\r\n<iframe width=\"100%\" height=\"100%\" style=\"border:0\" loading=\"lazy\" title=\"Map\" src=\"https:\/\/maps.google.com\/maps?q=Tartu&t=m&z=12&output=embed&iwloc=near\" allowfullscreen><\/iframe>\n<\/div>\n<\/div><div class=\"bde-column-29-134 bde-column\">\n  \n  \n\t\n\n\n\n<div class=\"bde-form-builder-29-131 bde-form-builder\">\n\n<form id=\"kontaktivorm131\" class=\"breakdance-form breakdance-form--vertical\" data-options=\"{&quot;slug&quot;:&quot;custom&quot;,&quot;name&quot;:&quot;kontaktivorm&quot;,&quot;ajaxUrl&quot;:&quot;https:\\\/\\\/www.agrihaus.ee\\\/wp-admin\\\/admin-ajax.php&quot;,&quot;clearOnSuccess&quot;:true,&quot;hideOnSuccess&quot;:false,&quot;successMessage&quot;:&quot;Teie kiri on saadetud! Vastame esimesel v\\u00f5imalusel&quot;,&quot;errorMessage&quot;:&quot;Midagi l\\u00e4ks valesti!&quot;,&quot;redirect&quot;:false,&quot;redirectUrl&quot;:&quot;&quot;,&quot;customJavaScript&quot;:&quot;&quot;,&quot;recaptcha&quot;:{&quot;key&quot;:&quot;&quot;,&quot;enabled&quot;:false},&quot;honeypot_enabled&quot;:true,&quot;popupsOnSuccess&quot;:[],&quot;popupsOnError&quot;:[]}\" data-steps=\"0\" action=\"\" >\n  \n  \n  \n<div class=\"breakdance-form-field breakdance-form-field--text breakdance-form-field__hide-label\" >\n    \n    \n            <label class=\"breakdance-form-field__label\" for=\"name\">\n            Name<span class=\"breakdance-form-field__required\">*<\/span>\n        <\/label>\n    \n    <input\n    class=\"breakdance-form-field__input\"\n    id=\"name\"\n    aria-describedby=\"name\"\n    type=\"text\"\n    name=\"fields[name]\"\n    placeholder=\"Name\"\n    value=\"\"\n                \n        \n        \n    required\n>\n\n\n    \n    \n<\/div>\n\n\n<div class=\"breakdance-form-field breakdance-form-field--email breakdance-form-field__hide-label\" >\n    \n    \n            <label class=\"breakdance-form-field__label\" for=\"email\">\n            E-mail\n        <\/label>\n    \n    <input\n    class=\"breakdance-form-field__input\"\n    id=\"email\"\n    aria-describedby=\"email\"\n    type=\"email\"\n    name=\"fields[email]\"\n    placeholder=\"E-mail\"\n    value=\"\"\n                \n        \n        \n    \n    \n    \n    \n>\n\n\n    \n    \n<\/div>\n\n\n<div class=\"breakdance-form-field breakdance-form-field--tel breakdance-form-field__hide-label\" >\n    \n    \n            <label class=\"breakdance-form-field__label\" for=\"Phone\">\n            Phone nr.<span class=\"breakdance-form-field__required\">*<\/span>\n        <\/label>\n    \n    <input\n    class=\"breakdance-form-field__input\"\n    id=\"Phone\"\n    aria-describedby=\"Phone\"\n    type=\"tel\"\n    name=\"fields[Phone]\"\n    placeholder=\"Phone nr.\"\n    value=\"\"\n                \n        \n        \n    required\n>\n\n\n    \n    \n<\/div>\n\n\n<div class=\"breakdance-form-field breakdance-form-field--textarea breakdance-form-field__hide-label\" >\n    \n    \n            <label class=\"breakdance-form-field__label\" for=\"message\">\n            Write here<span class=\"breakdance-form-field__required\">*<\/span>\n        <\/label>\n    \n    <textarea\n    class=\"breakdance-form-field__input\"\n    id=\"message\"\n    aria-describedby=\"message\"\n    type=\"textarea\"\n    name=\"fields[message]\"\n        placeholder=\"Write here\"\n    required\n>\n<\/textarea>\n\n\n    \n    \n<\/div>\n\n\n<div class=\"breakdance-form-field breakdance-form-field--hpinput\" >\n    \n    \n            <label class=\"breakdance-form-field__label\" for=\"hpname\">\n            HP Name\n        <\/label>\n    \n    <input\n    class=\"breakdance-form-field__input\"\n    id=\"hpname\"\n    aria-describedby=\"hpname\"\n    type=\"hpinput\"\n    name=\"fields[hpname]\"\n    placeholder=\"\"\n    value=\"\"\n                \n        \n        \n    \n    autocomplete=\"off\"\n    tabindex=\"-1\"\n    \n>\n\n\n    \n    \n<\/div>\n\n\n  \n\n<div class=\"breakdance-form-field breakdance-form-footer\">\n    \n    \n                                    \n    \n    \n    \n    \n            \n            <button type=\"submit\" class=\"button-atom button-atom--primary breakdance-form-button breakdance-form-button__submit\"  >\n    \n        <span class=\"button-atom__text\">Send<\/span>\n\n        \n        \n            <\/button>\n    \n    <input type=\"hidden\" name=\"form_id\" value=\"131\">\n    <input type=\"hidden\" name=\"post_id\" value=\"29\">\n<\/div>\n\n  \n<input type=\"hidden\" name=\"trp-form-language\" value=\"en\"\/><\/form>\n\n\n<\/div>\n<\/div><\/div><\/div>\n<\/section>","protected":false},"excerpt":{"rendered":"<p>Inimesed Argo Kukk Ostu-m\u00fc\u00fcgijuht argo@agrihaus.ee +372 5194 9736 Risto Kukk Juhatuse liige risto@agrihaus.ee +372 5301 5104 Gerli Pooga Raamatupidaja gerli@agrihaus.ee V\u00f5ta meiega \u00fchendust +372 5301 5104 info@agrihaus.ee Tartu maakond, Tartu linn, Vorbuse k\u00fcla, Tiigi ring 5, 61412 Nimi* E-post Tel. nr* Kirja sisu* HP Name Saada<\/p>","protected":false},"author":1,"featured_media":0,"parent":0,"menu_order":0,"comment_status":"closed","ping_status":"closed","template":"","meta":{"_breakdance_hide_in_design_set":false,"_breakdance_tags":"","footnotes":""},"class_list":["post-29","page","type-page","status-publish","hentry"],"_links":{"self":[{"href":"https:\/\/www.agrihaus.ee\/en\/wp-json\/wp\/v2\/pages\/29","targetHints":{"allow":["GET"]}}],"collection":[{"href":"https:\/\/www.agrihaus.ee\/en\/wp-json\/wp\/v2\/pages"}],"about":[{"href":"https:\/\/www.agrihaus.ee\/en\/wp-json\/wp\/v2\/types\/page"}],"author":[{"embeddable":true,"href":"https:\/\/www.agrihaus.ee\/en\/wp-json\/wp\/v2\/users\/1"}],"replies":[{"embeddable":true,"href":"https:\/\/www.agrihaus.ee\/en\/wp-json\/wp\/v2\/comments?post=29"}],"version-history":[{"count":5,"href":"https:\/\/www.agrihaus.ee\/en\/wp-json\/wp\/v2\/pages\/29\/revisions"}],"predecessor-version":[{"id":218,"href":"https:\/\/www.agrihaus.ee\/en\/wp-json\/wp\/v2\/pages\/29\/revisions\/218"}],"wp:attachment":[{"href":"https:\/\/www.agrihaus.ee\/en\/wp-json\/wp\/v2\/media?parent=29"}],"curies":[{"name":"wp","href":"https:\/\/api.w.org\/{rel}","templated":true}]}}