{"id":79,"date":"2026-01-11T13:21:41","date_gmt":"2026-01-11T13:21:41","guid":{"rendered":"https:\/\/www.agrihaus.ee\/?page_id=79"},"modified":"2026-01-11T15:58:24","modified_gmt":"2026-01-11T15:58:24","slug":"tooted","status":"publish","type":"page","link":"https:\/\/www.agrihaus.ee\/en\/tooted\/","title":{"rendered":"Products"},"content":{"rendered":"<section class=\"bde-section-79-100 bde-section\">\n  \n  \n\t\n\n\n\n<div class=\"section-container\"><h1 class=\"bde-heading-79-131 bde-heading\">\nProducts\n<\/h1><div class=\"bde-columns-79-101 bde-columns\"><div class=\"bde-column-79-102 bde-column\">\n  \n  \n\t\n\n\n\n<a class=\"bde-container-link-79-132 bde-container-link breakdance-link\" href=\"https:\/\/www.agrihaus.ee\/en\/tooted\/teraviljad\/\" target=\"_self\" data-type=\"url\">\n  \n  \n\t\n\n\n\n<h1 class=\"bde-heading-79-115 bde-heading\">\nGrains\n<\/h1>\n\n<\/a>\n<\/div><div class=\"bde-column-79-119 bde-column\">\n  \n  \n\t\n\n\n\n<a class=\"bde-container-link-79-133 bde-container-link breakdance-link\" href=\"https:\/\/www.agrihaus.ee\/en\/tooted\/kaunviljad\/\" target=\"_self\" data-type=\"url\">\n  \n  \n\t\n\n\n\n<h1 class=\"bde-heading-79-135 bde-heading\">\nLegumes\n<\/h1>\n\n<\/a>\n<\/div><div class=\"bde-column-79-136 bde-column\">\n  \n  \n\t\n\n\n\n<a class=\"bde-container-link-79-137 bde-container-link breakdance-link\" href=\"https:\/\/www.agrihaus.ee\/en\/tooted\/olitaimed\/\" target=\"_self\" data-type=\"url\">\n  \n  \n\t\n\n\n\n<h1 class=\"bde-heading-79-139 bde-heading\">\nOilseed crops\n<\/h1>\n\n<\/a>\n<\/div><div class=\"bde-column-79-166 bde-column\">\n  \n  \n\t\n\n\n\n<a class=\"bde-container-link-79-167 bde-container-link breakdance-link\" href=\"https:\/\/www.agrihaus.ee\/en\/tooted\/heinaseemned\/\" target=\"_self\" data-type=\"url\">\n  \n  \n\t\n\n\n\n<h1 class=\"bde-heading-79-168 bde-heading\">\nGrass seeds\n<\/h1>\n\n<\/a>\n<\/div><\/div><div class=\"bde-columns-79-141 bde-columns\"><div class=\"bde-column-79-146 bde-column\">\n  \n  \n\t\n\n\n\n<a class=\"bde-container-link-79-147 bde-container-link breakdance-link\" href=\"https:\/\/www.agrihaus.ee\/en\/tooted\/kuivatusjaatmed\/\" target=\"_self\" data-type=\"url\">\n  \n  \n\t\n\n\n\n<h1 class=\"bde-heading-79-149 bde-heading\">\nDried waste\n<\/h1>\n\n<\/a>\n<\/div><div class=\"bde-column-79-150 bde-column\">\n  \n  \n\t\n\n\n\n<a class=\"bde-container-link-79-151 bde-container-link breakdance-link\" href=\"https:\/\/www.agrihaus.ee\/en\/tooted\/silo\/\" target=\"_self\" data-type=\"url\">\n  \n  \n\t\n\n\n\n<h1 class=\"bde-heading-79-153 bde-heading\">\nSilage\n<\/h1>\n\n<\/a>\n<\/div><\/div><\/div>\n<\/section>","protected":false},"excerpt":{"rendered":"<p>Tooted Teraviljad Kaunviljad \u00d5litaimed Heinaseemned Kuivatusj\u00e4\u00e4tmed Silo<\/p>","protected":false},"author":1,"featured_media":0,"parent":0,"menu_order":0,"comment_status":"closed","ping_status":"closed","template":"","meta":{"_breakdance_hide_in_design_set":false,"_breakdance_tags":"","footnotes":""},"class_list":["post-79","page","type-page","status-publish","hentry"],"_links":{"self":[{"href":"https:\/\/www.agrihaus.ee\/en\/wp-json\/wp\/v2\/pages\/79","targetHints":{"allow":["GET"]}}],"collection":[{"href":"https:\/\/www.agrihaus.ee\/en\/wp-json\/wp\/v2\/pages"}],"about":[{"href":"https:\/\/www.agrihaus.ee\/en\/wp-json\/wp\/v2\/types\/page"}],"author":[{"embeddable":true,"href":"https:\/\/www.agrihaus.ee\/en\/wp-json\/wp\/v2\/users\/1"}],"replies":[{"embeddable":true,"href":"https:\/\/www.agrihaus.ee\/en\/wp-json\/wp\/v2\/comments?post=79"}],"version-history":[{"count":5,"href":"https:\/\/www.agrihaus.ee\/en\/wp-json\/wp\/v2\/pages\/79\/revisions"}],"predecessor-version":[{"id":187,"href":"https:\/\/www.agrihaus.ee\/en\/wp-json\/wp\/v2\/pages\/79\/revisions\/187"}],"wp:attachment":[{"href":"https:\/\/www.agrihaus.ee\/en\/wp-json\/wp\/v2\/media?parent=79"}],"curies":[{"name":"wp","href":"https:\/\/api.w.org\/{rel}","templated":true}]}}