{"id":90,"date":"2026-01-11T13:38:54","date_gmt":"2026-01-11T13:38:54","guid":{"rendered":"https:\/\/www.agrihaus.ee\/?page_id=90"},"modified":"2026-01-11T15:40:45","modified_gmt":"2026-01-11T15:40:45","slug":"heinaseemned","status":"publish","type":"page","link":"https:\/\/www.agrihaus.ee\/en\/tooted\/heinaseemned\/","title":{"rendered":"Grass seeds"},"content":{"rendered":"<section class=\"bde-section-90-102 bde-section\">\n  \n  \n\t\n\n\n\n<div class=\"section-container\"><div class=\"bde-div-90-103 bde-div\">\n  \n  \n\t\n\n\n\n<h2 class=\"bde-heading-90-104 bde-heading\">\nGrass seeds\n<\/h2>\n<\/div><div class=\"bde-tabs-90-101 bde-tabs\">\n\n  \n        \n  \n  \n  <div class=\"bde-tabs__tabslist-container bde-tabs__tabslist-container--scrollable is-horizontal js-tabs-container\">\n    <div class=\"bde-tabs__tabslist bde-tabs__tabslist--tabs js-tablist\" role=\"tablist\" aria-label=\"Content tabs\" aria-orientation=\"horizontal\" data-tabs-id=\"bde-tabs-90-101\">\n      \n              <button role=\"tab\" aria-selected=\"false\" class=\"bde-tabs__tab js-tab\" aria-controls=\"tab-panel-bde-tabs-90-101-1\" id=\"tab-bde-tabs-90-101-1\" data-value=\"1\">\n                    <span class=\"bde-tabs__tab-title\">P\u00f5ldtimut<\/span>\n        <\/button>\n              <button role=\"tab\" aria-selected=\"false\" class=\"bde-tabs__tab js-tab\" aria-controls=\"tab-panel-bde-tabs-90-101-2\" id=\"tab-bde-tabs-90-101-2\" data-value=\"2\">\n                    <span class=\"bde-tabs__tab-title\">Harilik aruhein<\/span>\n        <\/button>\n              <button role=\"tab\" aria-selected=\"false\" class=\"bde-tabs__tab js-tab\" aria-controls=\"tab-panel-bde-tabs-90-101-3\" id=\"tab-bde-tabs-90-101-3\" data-value=\"3\">\n                    <span class=\"bde-tabs__tab-title\">Punane aruhein<\/span>\n        <\/button>\n              <button role=\"tab\" aria-selected=\"false\" class=\"bde-tabs__tab js-tab\" aria-controls=\"tab-panel-bde-tabs-90-101-4\" id=\"tab-bde-tabs-90-101-4\" data-value=\"4\">\n                    <span class=\"bde-tabs__tab-title\">Punane ristik<\/span>\n        <\/button>\n              <button role=\"tab\" aria-selected=\"false\" class=\"bde-tabs__tab js-tab\" aria-controls=\"tab-panel-bde-tabs-90-101-5\" id=\"tab-bde-tabs-90-101-5\" data-value=\"5\">\n                    <span class=\"bde-tabs__tab-title\">Itaalia raihein<\/span>\n        <\/button>\n              <button role=\"tab\" aria-selected=\"false\" class=\"bde-tabs__tab js-tab\" aria-controls=\"tab-panel-bde-tabs-90-101-6\" id=\"tab-bde-tabs-90-101-6\" data-value=\"6\">\n                    <span class=\"bde-tabs__tab-title\">Karjamaa raihein<\/span>\n        <\/button>\n          <\/div>\n  <\/div>\n\n  <div class=\"bde-tabs-content-container\">\n        <div tabindex=\"0\" role=\"tabpanel\" class=\"bde-tabs__panel js-panel\" id=\"tab-panel-bde-tabs-90-101-1\" aria-labelledby=\"tab-bde-tabs-90-101-1\">\n      <div class=\"bde-tabs__panel-content breakdance-rich-text-styles\"><ul>\n<li>V\u00e4ga toitainerikas karjakultuur, mis parandab mulla l\u00e4mmastikusisaldust.<\/li>\n<li>Sobib s\u00f6\u00f6da- ja rohumaa segudesse, tagab head s\u00f6\u00f6daomadused kogu karjale.<\/li>\n<li>Tihe juurestik aitab v\u00e4ltida mulla erosiooni.<\/li>\n<\/ul><\/div>\n    <\/div>\n        <div tabindex=\"0\" role=\"tabpanel\" class=\"bde-tabs__panel js-panel\" id=\"tab-panel-bde-tabs-90-101-2\" aria-labelledby=\"tab-bde-tabs-90-101-2\">\n      <div class=\"bde-tabs__panel-content breakdance-rich-text-styles\"><ul>\n<li>Pikaealine ja vastupidav rohuliik, mis talub h\u00e4sti k\u00fclma ja varjulisi kasvukohti. <\/li>\n<li>Moodustab tiheda rohumaakatte, mis v\u00e4hendab umbrohtude kasvu. <\/li>\n<li>Sobib nii karjamaaks kui ka dekoratiivseteks segudeks, hea talvekindlus.<\/li>\n<\/ul><\/div>\n    <\/div>\n        <div tabindex=\"0\" role=\"tabpanel\" class=\"bde-tabs__panel js-panel\" id=\"tab-panel-bde-tabs-90-101-3\" aria-labelledby=\"tab-bde-tabs-90-101-3\">\n      <div class=\"bde-tabs__panel-content breakdance-rich-text-styles\"><ul>\n<li>K\u00f5rge valgu- ja s\u00f6\u00f6daomadustega.<\/li>\n<li>Moodustab tiheda rohumaakatte ja talub h\u00e4sti niitmist.<\/li>\n<li>Ideaalne segudes heinaks v\u00f5i otse karjamaale.<\/li>\n<\/ul><\/div>\n    <\/div>\n        <div tabindex=\"0\" role=\"tabpanel\" class=\"bde-tabs__panel js-panel\" id=\"tab-panel-bde-tabs-90-101-4\" aria-labelledby=\"tab-bde-tabs-90-101-4\">\n      <div class=\"bde-tabs__panel-content breakdance-rich-text-styles\"><ul>\n<li>V\u00e4\u00e4rtuslik valguallikas loomadele, parandab mulla viljakust l\u00e4mmastiku sidumise kaudu.<\/li>\n<li>Kiirekasvuline ja sobib segudes erinevate rohumaiste kultuuridega.<\/li>\n<li>Talub niitmist ja karjatamist, sobib ka maheviljeluseks.<\/li>\n<\/ul><\/div>\n    <\/div>\n        <div tabindex=\"0\" role=\"tabpanel\" class=\"bde-tabs__panel js-panel\" id=\"tab-panel-bde-tabs-90-101-5\" aria-labelledby=\"tab-bde-tabs-90-101-5\">\n      <div class=\"bde-tabs__panel-content breakdance-rich-text-styles\"><ul>\n<li>V\u00e4ga kiirekasvuline heinataim, sobib katte- ja \u00fcheaastaste segude jaoks.<\/li>\n<li>V\u00e4ga hea s\u00f6\u00f6daomadusega, kiiresti taastuv p\u00e4rast niitmist.<\/li>\n<li>Ideaalne talve v\u00f5i l\u00fchemate karjakultuuride jaoks.<\/li>\n<\/ul><\/div>\n    <\/div>\n        <div tabindex=\"0\" role=\"tabpanel\" class=\"bde-tabs__panel js-panel\" id=\"tab-panel-bde-tabs-90-101-6\" aria-labelledby=\"tab-bde-tabs-90-101-6\">\n      <div class=\"bde-tabs__panel-content breakdance-rich-text-styles\"><ul>\n<li>Pikaealine ja talvekindel rohuliik, moodustab tiheda karjamaakatte.<\/li>\n<li>V\u00e4ga hea valgu- ja energiasisaldus.<\/li>\n<li>Taastub kiiresti peale niitmist.<\/li>\n<\/ul><\/div>\n    <\/div>\n      <\/div>\n\n<\/div><\/div>\n<\/section>","protected":false},"excerpt":{"rendered":"<p>Heinaseemned P\u00f5ldtimut Harilik aruhein Punane aruhein Punane ristik Itaalia raihein Karjamaa raihein V\u00e4ga toitainerikas karjakultuur, mis parandab mulla l\u00e4mmastikusisaldust. Sobib s\u00f6\u00f6da- ja rohumaa segudesse, tagab head s\u00f6\u00f6daomadused kogu karjale. Tihe juurestik aitab v\u00e4ltida mulla erosiooni. Pikaealine ja vastupidav rohuliik, mis talub h\u00e4sti k\u00fclma ja varjulisi kasvukohti. Moodustab tiheda rohumaakatte, mis v\u00e4hendab umbrohtude kasvu. Sobib nii [&hellip;]<\/p>","protected":false},"author":1,"featured_media":0,"parent":79,"menu_order":0,"comment_status":"closed","ping_status":"closed","template":"","meta":{"_breakdance_hide_in_design_set":false,"_breakdance_tags":"","footnotes":""},"class_list":["post-90","page","type-page","status-publish","hentry"],"_links":{"self":[{"href":"https:\/\/www.agrihaus.ee\/en\/wp-json\/wp\/v2\/pages\/90","targetHints":{"allow":["GET"]}}],"collection":[{"href":"https:\/\/www.agrihaus.ee\/en\/wp-json\/wp\/v2\/pages"}],"about":[{"href":"https:\/\/www.agrihaus.ee\/en\/wp-json\/wp\/v2\/types\/page"}],"author":[{"embeddable":true,"href":"https:\/\/www.agrihaus.ee\/en\/wp-json\/wp\/v2\/users\/1"}],"replies":[{"embeddable":true,"href":"https:\/\/www.agrihaus.ee\/en\/wp-json\/wp\/v2\/comments?post=90"}],"version-history":[{"count":5,"href":"https:\/\/www.agrihaus.ee\/en\/wp-json\/wp\/v2\/pages\/90\/revisions"}],"predecessor-version":[{"id":175,"href":"https:\/\/www.agrihaus.ee\/en\/wp-json\/wp\/v2\/pages\/90\/revisions\/175"}],"up":[{"embeddable":true,"href":"https:\/\/www.agrihaus.ee\/en\/wp-json\/wp\/v2\/pages\/79"}],"wp:attachment":[{"href":"https:\/\/www.agrihaus.ee\/en\/wp-json\/wp\/v2\/media?parent=90"}],"curies":[{"name":"wp","href":"https:\/\/api.w.org\/{rel}","templated":true}]}}